{"id":343,"date":"2023-10-08T18:17:47","date_gmt":"2023-10-08T16:17:47","guid":{"rendered":"https:\/\/lavoixdegreg.com\/?page_id=343"},"modified":"2023-11-13T18:28:15","modified_gmt":"2023-11-13T17:28:15","slug":"actualites-voix-off","status":"publish","type":"page","link":"https:\/\/lavoixdegreg.com\/index.php\/actualites-voix-off\/","title":{"rendered":"Actualit\u00e9s"},"content":{"rendered":"\n<p><\/p>\n\n\n\n<p>En ce moment, vous pouvez m&#8217;entendre sur <strong><mark style=\"background-color:rgba(0, 0, 0, 0);color:#e50914\" class=\"has-inline-color\">NETFLIX<\/mark><\/strong> dans les programmes suivants<\/p>\n\n\n\n<figure class=\"wp-block-gallery has-nested-images columns-default is-cropped wp-block-gallery-1 is-layout-flex wp-block-gallery-is-layout-flex\">\n<figure class=\"wp-block-image size-large\"><img loading=\"lazy\" decoding=\"async\" width=\"1024\" height=\"230\" data-id=\"345\" src=\"https:\/\/lavoixdegreg.com\/wp-content\/uploads\/2023\/10\/netflix_prison-1024x230.png\" alt=\"\" class=\"wp-image-345\" srcset=\"https:\/\/lavoixdegreg.com\/wp-content\/uploads\/2023\/10\/netflix_prison-1024x230.png 1024w, https:\/\/lavoixdegreg.com\/wp-content\/uploads\/2023\/10\/netflix_prison-300x68.png 300w, https:\/\/lavoixdegreg.com\/wp-content\/uploads\/2023\/10\/netflix_prison-768x173.png 768w, https:\/\/lavoixdegreg.com\/wp-content\/uploads\/2023\/10\/netflix_prison.png 1280w\" sizes=\"auto, (max-width: 1024px) 100vw, 1024px\" \/><\/figure>\n\n\n\n<figure class=\"wp-block-image size-large\"><img loading=\"lazy\" decoding=\"async\" width=\"1024\" height=\"230\" data-id=\"344\" src=\"https:\/\/lavoixdegreg.com\/wp-content\/uploads\/2023\/10\/netflix_connected-1024x230.png\" alt=\"\" class=\"wp-image-344\" srcset=\"https:\/\/lavoixdegreg.com\/wp-content\/uploads\/2023\/10\/netflix_connected-1024x230.png 1024w, https:\/\/lavoixdegreg.com\/wp-content\/uploads\/2023\/10\/netflix_connected-300x68.png 300w, https:\/\/lavoixdegreg.com\/wp-content\/uploads\/2023\/10\/netflix_connected-768x173.png 768w, https:\/\/lavoixdegreg.com\/wp-content\/uploads\/2023\/10\/netflix_connected.png 1280w\" sizes=\"auto, (max-width: 1024px) 100vw, 1024px\" \/><\/figure>\n<\/figure>\n\n\n\n<div style=\"height:23px\" aria-hidden=\"true\" class=\"wp-block-spacer\"><\/div>\n\n\n\n<div class=\"wp-block-cover\" style=\"min-height:85px;aspect-ratio:unset;\"><span aria-hidden=\"true\" class=\"wp-block-cover__background has-background-dim\"><\/span><img loading=\"lazy\" decoding=\"async\" width=\"2000\" height=\"495\" class=\"wp-block-cover__image-background wp-image-365\" alt=\"\" src=\"https:\/\/lavoixdegreg.com\/wp-content\/uploads\/2023\/10\/logo_leclerc.png\" data-object-fit=\"cover\" srcset=\"https:\/\/lavoixdegreg.com\/wp-content\/uploads\/2023\/10\/logo_leclerc.png 2000w, https:\/\/lavoixdegreg.com\/wp-content\/uploads\/2023\/10\/logo_leclerc-300x74.png 300w, https:\/\/lavoixdegreg.com\/wp-content\/uploads\/2023\/10\/logo_leclerc-1024x253.png 1024w, https:\/\/lavoixdegreg.com\/wp-content\/uploads\/2023\/10\/logo_leclerc-768x190.png 768w, https:\/\/lavoixdegreg.com\/wp-content\/uploads\/2023\/10\/logo_leclerc-1536x380.png 1536w\" sizes=\"auto, (max-width: 2000px) 100vw, 2000px\" \/><div class=\"wp-block-cover__inner-container is-layout-constrained wp-block-cover-is-layout-constrained\">\n<h6 class=\"wp-block-heading has-text-align-center has-large-font-size\">Ma voix toujours dans les magasins LECLERC<\/h6>\n<\/div><\/div>\n\n\n\n<div style=\"height:10px\" aria-hidden=\"true\" class=\"wp-block-spacer\"><\/div>\n\n\n\n<figure class=\"wp-block-audio\"><audio controls src=\"https:\/\/lavoixdegreg.com\/wp-content\/uploads\/2023\/10\/son_leclerc_instore.mp3\"><\/audio><figcaption class=\"wp-element-caption\"><sub><strong>exemple de spot diffus\u00e9 en magasin<\/strong><\/sub><\/figcaption><\/figure>\n\n\n\n<div class=\"wp-block-cover is-light\" style=\"min-height:127px;aspect-ratio:unset;\"><span aria-hidden=\"true\" class=\"wp-block-cover__background has-background-dim\"><\/span><img loading=\"lazy\" decoding=\"async\" width=\"507\" height=\"99\" class=\"wp-block-cover__image-background wp-image-373\" alt=\"\" src=\"https:\/\/lavoixdegreg.com\/wp-content\/uploads\/2023\/10\/logo_bricoman.png\" data-object-fit=\"cover\" srcset=\"https:\/\/lavoixdegreg.com\/wp-content\/uploads\/2023\/10\/logo_bricoman.png 507w, https:\/\/lavoixdegreg.com\/wp-content\/uploads\/2023\/10\/logo_bricoman-300x59.png 300w\" sizes=\"auto, (max-width: 507px) 100vw, 507px\" \/><div class=\"wp-block-cover__inner-container is-layout-constrained wp-block-cover-is-layout-constrained\">\n<h6 class=\"wp-block-heading has-text-align-center has-large-font-size\"><mark style=\"background-color:rgba(0, 0, 0, 0)\" class=\"has-inline-color has-nv-site-bg-color\">Ma voix vous accueille au t\u00e9l\u00e9phone chez BRICOMAN<\/mark><\/h6>\n<\/div><\/div>\n\n\n\n<div style=\"height:35px\" aria-hidden=\"true\" class=\"wp-block-spacer\"><\/div>\n","protected":false},"excerpt":{"rendered":"<p>En ce moment, vous pouvez m&#8217;entendre sur NETFLIX dans les programmes suivants<\/p>\n","protected":false},"author":1,"featured_media":0,"parent":0,"menu_order":0,"comment_status":"closed","ping_status":"closed","template":"","meta":{"neve_meta_sidebar":"","neve_meta_container":"","neve_meta_enable_content_width":"","neve_meta_content_width":0,"neve_meta_title_alignment":"","neve_meta_author_avatar":"","neve_post_elements_order":"","neve_meta_disable_header":"","neve_meta_disable_footer":"","neve_meta_disable_title":"","footnotes":""},"class_list":["post-343","page","type-page","status-publish","hentry"],"yoast_head":"<!-- This site is optimized with the Yoast SEO plugin v21.5 - https:\/\/yoast.com\/wordpress\/plugins\/seo\/ -->\n<title>Mon Actualit\u00e9<\/title>\n<meta name=\"description\" content=\"Si vous souhaitez tout conna\u00eetre de mon actualit\u00e9 voix off, n&#039;h\u00e9sitez pas \u00e0 vous rendre sur cette page r\u00e9guli\u00e8rement\" \/>\n<meta name=\"robots\" content=\"index, follow, max-snippet:-1, max-image-preview:large, max-video-preview:-1\" \/>\n<link rel=\"canonical\" href=\"https:\/\/lavoixdegreg.com\/index.php\/actualites-voix-off\/\" \/>\n<meta property=\"og:locale\" content=\"fr_FR\" \/>\n<meta property=\"og:type\" content=\"article\" \/>\n<meta property=\"og:title\" content=\"Mon Actualit\u00e9\" \/>\n<meta property=\"og:description\" content=\"Si vous souhaitez tout conna\u00eetre de mon actualit\u00e9 voix off, n&#039;h\u00e9sitez pas \u00e0 vous rendre sur cette page r\u00e9guli\u00e8rement\" \/>\n<meta property=\"og:url\" content=\"https:\/\/lavoixdegreg.com\/index.php\/actualites-voix-off\/\" \/>\n<meta property=\"article:modified_time\" content=\"2023-11-13T17:28:15+00:00\" \/>\n<meta property=\"og:image\" content=\"https:\/\/lavoixdegreg.com\/wp-content\/uploads\/2023\/10\/netflix_prison-1024x230.png\" \/>\n<meta name=\"twitter:card\" content=\"summary_large_image\" \/>\n<meta name=\"twitter:label1\" content=\"Dur\u00e9e de lecture estim\u00e9e\" \/>\n\t<meta name=\"twitter:data1\" content=\"1 minute\" \/>\n<script type=\"application\/ld+json\" class=\"yoast-schema-graph\">{\"@context\":\"https:\/\/schema.org\",\"@graph\":[{\"@type\":\"WebPage\",\"@id\":\"https:\/\/lavoixdegreg.com\/index.php\/actualites-voix-off\/\",\"url\":\"https:\/\/lavoixdegreg.com\/index.php\/actualites-voix-off\/\",\"name\":\"Mon Actualit\u00e9\",\"isPartOf\":{\"@id\":\"https:\/\/lavoixdegreg.com\/#website\"},\"datePublished\":\"2023-10-08T16:17:47+00:00\",\"dateModified\":\"2023-11-13T17:28:15+00:00\",\"description\":\"Si vous souhaitez tout conna\u00eetre de mon actualit\u00e9 voix off, n'h\u00e9sitez pas \u00e0 vous rendre sur cette page r\u00e9guli\u00e8rement\",\"breadcrumb\":{\"@id\":\"https:\/\/lavoixdegreg.com\/index.php\/actualites-voix-off\/#breadcrumb\"},\"inLanguage\":\"fr-FR\",\"potentialAction\":[{\"@type\":\"ReadAction\",\"target\":[\"https:\/\/lavoixdegreg.com\/index.php\/actualites-voix-off\/\"]}]},{\"@type\":\"BreadcrumbList\",\"@id\":\"https:\/\/lavoixdegreg.com\/index.php\/actualites-voix-off\/#breadcrumb\",\"itemListElement\":[{\"@type\":\"ListItem\",\"position\":1,\"name\":\"Accueil\",\"item\":\"https:\/\/lavoixdegreg.com\/\"},{\"@type\":\"ListItem\",\"position\":2,\"name\":\"Actualit\u00e9s\"}]},{\"@type\":\"WebSite\",\"@id\":\"https:\/\/lavoixdegreg.com\/#website\",\"url\":\"https:\/\/lavoixdegreg.com\/\",\"name\":\"Greg Jasinski - lavoixdegreg.com\",\"description\":\"Greg Jasinski | Com\u00e9dien Voix-Off\",\"publisher\":{\"@id\":\"https:\/\/lavoixdegreg.com\/#\/schema\/person\/eef352e661697a9d9bb5d53366f357b2\"},\"potentialAction\":[{\"@type\":\"SearchAction\",\"target\":{\"@type\":\"EntryPoint\",\"urlTemplate\":\"https:\/\/lavoixdegreg.com\/?s={search_term_string}\"},\"query-input\":\"required name=search_term_string\"}],\"inLanguage\":\"fr-FR\"},{\"@type\":[\"Person\",\"Organization\"],\"@id\":\"https:\/\/lavoixdegreg.com\/#\/schema\/person\/eef352e661697a9d9bb5d53366f357b2\",\"name\":\"admin3832\",\"image\":{\"@type\":\"ImageObject\",\"inLanguage\":\"fr-FR\",\"@id\":\"https:\/\/lavoixdegreg.com\/#\/schema\/person\/image\/\",\"url\":\"https:\/\/lavoixdegreg.com\/wp-content\/uploads\/2023\/10\/LOGO-2014-sans-couleurs.png\",\"contentUrl\":\"https:\/\/lavoixdegreg.com\/wp-content\/uploads\/2023\/10\/LOGO-2014-sans-couleurs.png\",\"width\":1181,\"height\":1181,\"caption\":\"admin3832\"},\"logo\":{\"@id\":\"https:\/\/lavoixdegreg.com\/#\/schema\/person\/image\/\"},\"sameAs\":[\"http:\/\/lavoixdegreg.com\"]}]}<\/script>\n<!-- \/ Yoast SEO plugin. -->","yoast_head_json":{"title":"Mon Actualit\u00e9","description":"Si vous souhaitez tout conna\u00eetre de mon actualit\u00e9 voix off, n'h\u00e9sitez pas \u00e0 vous rendre sur cette page r\u00e9guli\u00e8rement","robots":{"index":"index","follow":"follow","max-snippet":"max-snippet:-1","max-image-preview":"max-image-preview:large","max-video-preview":"max-video-preview:-1"},"canonical":"https:\/\/lavoixdegreg.com\/index.php\/actualites-voix-off\/","og_locale":"fr_FR","og_type":"article","og_title":"Mon Actualit\u00e9","og_description":"Si vous souhaitez tout conna\u00eetre de mon actualit\u00e9 voix off, n'h\u00e9sitez pas \u00e0 vous rendre sur cette page r\u00e9guli\u00e8rement","og_url":"https:\/\/lavoixdegreg.com\/index.php\/actualites-voix-off\/","article_modified_time":"2023-11-13T17:28:15+00:00","og_image":[{"url":"https:\/\/lavoixdegreg.com\/wp-content\/uploads\/2023\/10\/netflix_prison-1024x230.png"}],"twitter_card":"summary_large_image","twitter_misc":{"Dur\u00e9e de lecture estim\u00e9e":"1 minute"},"schema":{"@context":"https:\/\/schema.org","@graph":[{"@type":"WebPage","@id":"https:\/\/lavoixdegreg.com\/index.php\/actualites-voix-off\/","url":"https:\/\/lavoixdegreg.com\/index.php\/actualites-voix-off\/","name":"Mon Actualit\u00e9","isPartOf":{"@id":"https:\/\/lavoixdegreg.com\/#website"},"datePublished":"2023-10-08T16:17:47+00:00","dateModified":"2023-11-13T17:28:15+00:00","description":"Si vous souhaitez tout conna\u00eetre de mon actualit\u00e9 voix off, n'h\u00e9sitez pas \u00e0 vous rendre sur cette page r\u00e9guli\u00e8rement","breadcrumb":{"@id":"https:\/\/lavoixdegreg.com\/index.php\/actualites-voix-off\/#breadcrumb"},"inLanguage":"fr-FR","potentialAction":[{"@type":"ReadAction","target":["https:\/\/lavoixdegreg.com\/index.php\/actualites-voix-off\/"]}]},{"@type":"BreadcrumbList","@id":"https:\/\/lavoixdegreg.com\/index.php\/actualites-voix-off\/#breadcrumb","itemListElement":[{"@type":"ListItem","position":1,"name":"Accueil","item":"https:\/\/lavoixdegreg.com\/"},{"@type":"ListItem","position":2,"name":"Actualit\u00e9s"}]},{"@type":"WebSite","@id":"https:\/\/lavoixdegreg.com\/#website","url":"https:\/\/lavoixdegreg.com\/","name":"Greg Jasinski - lavoixdegreg.com","description":"Greg Jasinski | Com\u00e9dien Voix-Off","publisher":{"@id":"https:\/\/lavoixdegreg.com\/#\/schema\/person\/eef352e661697a9d9bb5d53366f357b2"},"potentialAction":[{"@type":"SearchAction","target":{"@type":"EntryPoint","urlTemplate":"https:\/\/lavoixdegreg.com\/?s={search_term_string}"},"query-input":"required name=search_term_string"}],"inLanguage":"fr-FR"},{"@type":["Person","Organization"],"@id":"https:\/\/lavoixdegreg.com\/#\/schema\/person\/eef352e661697a9d9bb5d53366f357b2","name":"admin3832","image":{"@type":"ImageObject","inLanguage":"fr-FR","@id":"https:\/\/lavoixdegreg.com\/#\/schema\/person\/image\/","url":"https:\/\/lavoixdegreg.com\/wp-content\/uploads\/2023\/10\/LOGO-2014-sans-couleurs.png","contentUrl":"https:\/\/lavoixdegreg.com\/wp-content\/uploads\/2023\/10\/LOGO-2014-sans-couleurs.png","width":1181,"height":1181,"caption":"admin3832"},"logo":{"@id":"https:\/\/lavoixdegreg.com\/#\/schema\/person\/image\/"},"sameAs":["http:\/\/lavoixdegreg.com"]}]}},"_links":{"self":[{"href":"https:\/\/lavoixdegreg.com\/index.php\/wp-json\/wp\/v2\/pages\/343","targetHints":{"allow":["GET"]}}],"collection":[{"href":"https:\/\/lavoixdegreg.com\/index.php\/wp-json\/wp\/v2\/pages"}],"about":[{"href":"https:\/\/lavoixdegreg.com\/index.php\/wp-json\/wp\/v2\/types\/page"}],"author":[{"embeddable":true,"href":"https:\/\/lavoixdegreg.com\/index.php\/wp-json\/wp\/v2\/users\/1"}],"replies":[{"embeddable":true,"href":"https:\/\/lavoixdegreg.com\/index.php\/wp-json\/wp\/v2\/comments?post=343"}],"version-history":[{"count":16,"href":"https:\/\/lavoixdegreg.com\/index.php\/wp-json\/wp\/v2\/pages\/343\/revisions"}],"predecessor-version":[{"id":562,"href":"https:\/\/lavoixdegreg.com\/index.php\/wp-json\/wp\/v2\/pages\/343\/revisions\/562"}],"wp:attachment":[{"href":"https:\/\/lavoixdegreg.com\/index.php\/wp-json\/wp\/v2\/media?parent=343"}],"curies":[{"name":"wp","href":"https:\/\/api.w.org\/{rel}","templated":true}]}}